{"id":1625,"date":"2023-10-23T23:10:09","date_gmt":"2023-10-23T23:10:09","guid":{"rendered":"https:\/\/gladheimar.proxima.is\/boka-nuna\/"},"modified":"2023-10-24T22:54:03","modified_gmt":"2023-10-24T22:54:03","slug":"boka-nuna","status":"publish","type":"page","link":"https:\/\/gladheimar.is\/is\/boka-nuna\/","title":{"rendered":"B\u00f3ka n\u00fana"},"content":{"rendered":"<p>[et_pb_section fb_built=&#8220;1&#8243; _builder_version=&#8220;4.23&#8243; _module_preset=&#8220;default&#8220; background_color=&#8220;#F2F2F2&#8243; hover_enabled=&#8220;0&#8243; global_colors_info=&#8220;{}&#8220; custom_padding=&#8220;29px||0px||false|false&#8220; custom_margin=&#8220;||0px||false|false&#8220; sticky_enabled=&#8220;0&#8243;][et_pb_row _builder_version=&#8220;4.23&#8243; _module_preset=&#8220;default&#8220; global_colors_info=&#8220;{}&#8220;][et_pb_column type=&#8220;4_4&#8243; _builder_version=&#8220;4.23&#8243; _module_preset=&#8220;default&#8220; global_colors_info=&#8220;{}&#8220;][et_pb_text _builder_version=&#8220;4.23&#8243; _module_preset=&#8220;default&#8220; header_text_align=&#8220;center&#8220; header_font_size=&#8220;60px&#8220; header_4_font=&#8220;|||on|||||&#8220; header_4_text_align=&#8220;center&#8220; header_4_text_color=&#8220;#DC854F&#8220; global_colors_info=&#8220;{}&#8220;]<\/p>\n<h4>Finndu gistingu vi\u00f0 h\u00e6fi<\/h4>\n<h1>B\u00f3ka n\u00fana<\/h1>\n<p>[\/et_pb_text][\/et_pb_column][\/et_pb_row][et_pb_row _builder_version=&#8220;4.23&#8243; _module_preset=&#8220;default&#8220; width=&#8220;100%&#8220; max_width=&#8220;100%&#8220; hover_enabled=&#8220;0&#8243; global_colors_info=&#8220;{}&#8220; custom_padding=&#8220;0px||||false|false&#8220; sticky_enabled=&#8220;0&#8243;][et_pb_column type=&#8220;4_4&#8243; _builder_version=&#8220;4.23&#8243; _module_preset=&#8220;default&#8220; global_colors_info=&#8220;{}&#8220;][et_pb_code _builder_version=&#8220;4.23&#8243; _module_preset=&#8220;default&#8220; text_orientation=&#8220;center&#8220; global_colors_info=&#8220;{}&#8220;]<iframe src =\"https:\/\/property.godo.is\/booking2.php?propid=118483&#038;referer=iframe\" width=\"100%\" height=\"2000\" style=\"max-width:100%;border:none;overflow:auto;\"><pee><a href=\"https:\/\/property.godo.is\/booking2.php?propid=118483&#038;referer=iframe\" title=\"Book Now\">Book Now<\/a><\/pee><\/iframe>[\/et_pb_code][\/et_pb_column][\/et_pb_row][\/et_pb_section]<\/p>\n","protected":false},"excerpt":{"rendered":"<p>Finndu gistingu vi\u00f0 h\u00e6fi B\u00f3ka n\u00fana<\/p>\n","protected":false},"author":4,"featured_media":0,"parent":0,"menu_order":0,"comment_status":"closed","ping_status":"closed","template":"","meta":{"_et_pb_use_builder":"on","_et_pb_old_content":"","_et_gb_content_width":"","footnotes":""},"class_list":["post-1625","page","type-page","status-publish","hentry"],"yoast_head":"<!-- This site is optimized with the Yoast SEO plugin v27.1.1 - https:\/\/yoast.com\/product\/yoast-seo-wordpress\/ -->\n<title>B\u00f3ka n\u00fana - Gla\u00f0heimar Cottages<\/title>\n<meta name=\"robots\" content=\"index, follow, max-snippet:-1, max-image-preview:large, max-video-preview:-1\" \/>\n<link rel=\"canonical\" href=\"https:\/\/gladheimar.is\/is\/boka-nuna\/\" \/>\n<meta property=\"og:locale\" content=\"is_IS\" \/>\n<meta property=\"og:type\" content=\"article\" \/>\n<meta property=\"og:title\" content=\"B\u00f3ka n\u00fana - Gla\u00f0heimar Cottages\" \/>\n<meta property=\"og:description\" content=\"Finndu gistingu vi\u00f0 h\u00e6fi B\u00f3ka n\u00fana\" \/>\n<meta property=\"og:url\" content=\"https:\/\/gladheimar.is\/is\/boka-nuna\/\" \/>\n<meta property=\"og:site_name\" content=\"Gla\u00f0heimar Cottages\" \/>\n<meta property=\"article:modified_time\" content=\"2023-10-24T22:54:03+00:00\" \/>\n<meta name=\"twitter:card\" content=\"summary_large_image\" \/>\n<meta name=\"twitter:label1\" content=\"Est. reading time\" \/>\n\t<meta name=\"twitter:data1\" content=\"1 minute\" \/>\n<script type=\"application\/ld+json\" class=\"yoast-schema-graph\">{\"@context\":\"https:\/\/schema.org\",\"@graph\":[{\"@type\":\"WebPage\",\"@id\":\"https:\/\/gladheimar.is\/is\/boka-nuna\/\",\"url\":\"https:\/\/gladheimar.is\/is\/boka-nuna\/\",\"name\":\"B\u00f3ka n\u00fana - Gla\u00f0heimar Cottages\",\"isPartOf\":{\"@id\":\"https:\/\/gladheimar.is\/is\/#website\"},\"datePublished\":\"2023-10-23T23:10:09+00:00\",\"dateModified\":\"2023-10-24T22:54:03+00:00\",\"breadcrumb\":{\"@id\":\"https:\/\/gladheimar.is\/is\/boka-nuna\/#breadcrumb\"},\"inLanguage\":\"is\",\"potentialAction\":[{\"@type\":\"ReadAction\",\"target\":[\"https:\/\/gladheimar.is\/is\/boka-nuna\/\"]}]},{\"@type\":\"BreadcrumbList\",\"@id\":\"https:\/\/gladheimar.is\/is\/boka-nuna\/#breadcrumb\",\"itemListElement\":[{\"@type\":\"ListItem\",\"position\":1,\"name\":\"Home\",\"item\":\"https:\/\/gladheimar.is\/is\/gladheimar-cottages\/\"},{\"@type\":\"ListItem\",\"position\":2,\"name\":\"B\u00f3ka n\u00fana\"}]},{\"@type\":\"WebSite\",\"@id\":\"https:\/\/gladheimar.is\/is\/#website\",\"url\":\"https:\/\/gladheimar.is\/is\/\",\"name\":\"Gla\u00f0heimar\",\"description\":\"Accommodation in Bl\u00f6ndu\u00f3s, North Iceland\",\"publisher\":{\"@id\":\"https:\/\/gladheimar.is\/is\/#organization\"},\"potentialAction\":[{\"@type\":\"SearchAction\",\"target\":{\"@type\":\"EntryPoint\",\"urlTemplate\":\"https:\/\/gladheimar.is\/is\/?s={search_term_string}\"},\"query-input\":{\"@type\":\"PropertyValueSpecification\",\"valueRequired\":true,\"valueName\":\"search_term_string\"}}],\"inLanguage\":\"is\"},{\"@type\":\"Organization\",\"@id\":\"https:\/\/gladheimar.is\/is\/#organization\",\"name\":\"Gla\u00f0heimar\",\"url\":\"https:\/\/gladheimar.is\/is\/\",\"logo\":{\"@type\":\"ImageObject\",\"inLanguage\":\"is\",\"@id\":\"https:\/\/gladheimar.is\/is\/#\/schema\/logo\/image\/\",\"url\":\"https:\/\/gladheimar.is\/wp-content\/uploads\/2023\/04\/Logo-Final-File-01-1.png\",\"contentUrl\":\"https:\/\/gladheimar.is\/wp-content\/uploads\/2023\/04\/Logo-Final-File-01-1.png\",\"width\":1920,\"height\":1920,\"caption\":\"Gla\u00f0heimar\"},\"image\":{\"@id\":\"https:\/\/gladheimar.is\/is\/#\/schema\/logo\/image\/\"}}]}<\/script>\n<!-- \/ Yoast SEO plugin. -->","yoast_head_json":{"title":"B\u00f3ka n\u00fana - Gla\u00f0heimar Cottages","robots":{"index":"index","follow":"follow","max-snippet":"max-snippet:-1","max-image-preview":"max-image-preview:large","max-video-preview":"max-video-preview:-1"},"canonical":"https:\/\/gladheimar.is\/is\/boka-nuna\/","og_locale":"is_IS","og_type":"article","og_title":"B\u00f3ka n\u00fana - Gla\u00f0heimar Cottages","og_description":"Finndu gistingu vi\u00f0 h\u00e6fi B\u00f3ka n\u00fana","og_url":"https:\/\/gladheimar.is\/is\/boka-nuna\/","og_site_name":"Gla\u00f0heimar Cottages","article_modified_time":"2023-10-24T22:54:03+00:00","twitter_card":"summary_large_image","twitter_misc":{"Est. reading time":"1 minute"},"schema":{"@context":"https:\/\/schema.org","@graph":[{"@type":"WebPage","@id":"https:\/\/gladheimar.is\/is\/boka-nuna\/","url":"https:\/\/gladheimar.is\/is\/boka-nuna\/","name":"B\u00f3ka n\u00fana - Gla\u00f0heimar Cottages","isPartOf":{"@id":"https:\/\/gladheimar.is\/is\/#website"},"datePublished":"2023-10-23T23:10:09+00:00","dateModified":"2023-10-24T22:54:03+00:00","breadcrumb":{"@id":"https:\/\/gladheimar.is\/is\/boka-nuna\/#breadcrumb"},"inLanguage":"is","potentialAction":[{"@type":"ReadAction","target":["https:\/\/gladheimar.is\/is\/boka-nuna\/"]}]},{"@type":"BreadcrumbList","@id":"https:\/\/gladheimar.is\/is\/boka-nuna\/#breadcrumb","itemListElement":[{"@type":"ListItem","position":1,"name":"Home","item":"https:\/\/gladheimar.is\/is\/gladheimar-cottages\/"},{"@type":"ListItem","position":2,"name":"B\u00f3ka n\u00fana"}]},{"@type":"WebSite","@id":"https:\/\/gladheimar.is\/is\/#website","url":"https:\/\/gladheimar.is\/is\/","name":"Gla\u00f0heimar","description":"Accommodation in Bl\u00f6ndu\u00f3s, North Iceland","publisher":{"@id":"https:\/\/gladheimar.is\/is\/#organization"},"potentialAction":[{"@type":"SearchAction","target":{"@type":"EntryPoint","urlTemplate":"https:\/\/gladheimar.is\/is\/?s={search_term_string}"},"query-input":{"@type":"PropertyValueSpecification","valueRequired":true,"valueName":"search_term_string"}}],"inLanguage":"is"},{"@type":"Organization","@id":"https:\/\/gladheimar.is\/is\/#organization","name":"Gla\u00f0heimar","url":"https:\/\/gladheimar.is\/is\/","logo":{"@type":"ImageObject","inLanguage":"is","@id":"https:\/\/gladheimar.is\/is\/#\/schema\/logo\/image\/","url":"https:\/\/gladheimar.is\/wp-content\/uploads\/2023\/04\/Logo-Final-File-01-1.png","contentUrl":"https:\/\/gladheimar.is\/wp-content\/uploads\/2023\/04\/Logo-Final-File-01-1.png","width":1920,"height":1920,"caption":"Gla\u00f0heimar"},"image":{"@id":"https:\/\/gladheimar.is\/is\/#\/schema\/logo\/image\/"}}]}},"_links":{"self":[{"href":"https:\/\/gladheimar.is\/is\/wp-json\/wp\/v2\/pages\/1625","targetHints":{"allow":["GET"]}}],"collection":[{"href":"https:\/\/gladheimar.is\/is\/wp-json\/wp\/v2\/pages"}],"about":[{"href":"https:\/\/gladheimar.is\/is\/wp-json\/wp\/v2\/types\/page"}],"author":[{"embeddable":true,"href":"https:\/\/gladheimar.is\/is\/wp-json\/wp\/v2\/users\/4"}],"replies":[{"embeddable":true,"href":"https:\/\/gladheimar.is\/is\/wp-json\/wp\/v2\/comments?post=1625"}],"version-history":[{"count":2,"href":"https:\/\/gladheimar.is\/is\/wp-json\/wp\/v2\/pages\/1625\/revisions"}],"predecessor-version":[{"id":1627,"href":"https:\/\/gladheimar.is\/is\/wp-json\/wp\/v2\/pages\/1625\/revisions\/1627"}],"wp:attachment":[{"href":"https:\/\/gladheimar.is\/is\/wp-json\/wp\/v2\/media?parent=1625"}],"curies":[{"name":"wp","href":"https:\/\/api.w.org\/{rel}","templated":true}]}}